{"id":5966,"date":"2021-10-19T08:46:39","date_gmt":"2021-10-19T06:46:39","guid":{"rendered":"https:\/\/www.cafelicita.com\/condizioni-di-prenotazione-politica-di-cancellazione\/"},"modified":"2024-03-28T08:34:34","modified_gmt":"2024-03-28T07:34:34","slug":"conditions-generales-et-politique-dannulation","status":"publish","type":"page","link":"https:\/\/www.cafelicita.com\/fr\/conditions-generales-et-politique-dannulation\/","title":{"rendered":"Conditions g\u00e9n\u00e9rales et politique d&rsquo;annulation"},"content":{"rendered":"<h3><strong>Les animaux de compagnie ne sont pas admis<\/strong><\/h3>\n<p>Les suppl\u00e9ments ne sont pas inclus dans le montant total du s\u00e9jour et doivent \u00eatre pay\u00e9s s\u00e9par\u00e9ment \u00e0 la R\u00e9sidence.<\/p>\n<h3><strong>Les tarifs s\u2019entendent par appartement et par nuit\u00e9e et comprennent :<\/strong><\/h3>\n<p>l\u2019utilisation des espaces communs tels que la piscine \u00e0 d\u00e9bordement, le bain \u00e0 remous, le jardin, la place de stationnement et\/ou le parking couvert, Wi-Fi, les consommations d\u2019\u00e9nergie, le linge de lit-bain-cuisine avec changement hebdomadaire, et le m\u00e9nage de fin de s\u00e9jour de l\u2019appartement.<\/p>\n<p>Changement suppl\u00e9mentaire de linge : complet 25,00 \u20ac ; uniquement bain-cuisine 15,00 \u20ac ; uniquement lit 15,00 \u20ac.<\/p>\n<h3><strong>Les demandes de r\u00e9servation doivent :<\/strong><\/h3>\n<ul>\n<li>\u00eatre garanties moyennant le versement d\u2019un acompte \u00e0 titre de confirmation, \u00e0 hauteur de 30 % du montant pr\u00e9vu pour l\u2019ensemble du s\u00e9jour ;<\/li>\n<li>\u00eatre garanties moyennant une carte de cr\u00e9dit (<strong>Visa, Euro\/Mastercard<\/strong>). L\u2019h\u00f4tel se r\u00e9serve le droit de v\u00e9rifier la validit\u00e9 de la carte de cr\u00e9dit avant l\u2019arriv\u00e9e (en demandant une autorisation \u00e0 la soci\u00e9t\u00e9 \u00e9mettrice de la carte).<\/li>\n<\/ul>\n<h3><strong>Annulations et modifications :<\/strong><\/h3>\n<ul>\n<li>Le versement de l\u2019acompte est consid\u00e9r\u00e9 comme une confirmation d\u00e9finitive de la r\u00e9servation et ne pourra \u00eatre revers\u00e9 conform\u00e9ment \u00e0 l\u2019art. 1385 du Code civil.<\/li>\n<li>Toute r\u00e9servation annul\u00e9e sera soumise aux p\u00e9nalit\u00e9s indiqu\u00e9es ci-apr\u00e8s :\n<ul>\n<li>jusqu\u2019\u00e0 14 jours avant la date d\u2019arriv\u00e9e pr\u00e9vue : 100 % du montant total pr\u00e9vu.<\/li>\n<li>Toute r\u00e9duction de la dur\u00e9e du s\u00e9jour sera consid\u00e9r\u00e9e comme une annulation.<\/li>\n<li>En cas de non-arriv\u00e9e ou de d\u00e9part anticip\u00e9, une p\u00e9nalit\u00e9 \u00e0 hauteur de 100 % du montant total du s\u00e9jour r\u00e9serv\u00e9 sera pr\u00e9lev\u00e9e sur la carte de cr\u00e9dit.<\/li>\n<\/ul>\n<\/li>\n<\/ul>\n","protected":false},"excerpt":{"rendered":"<p>Les animaux de compagnie ne sont pas admis Les suppl\u00e9ments ne sont [&hellip;]<\/p>\n","protected":false},"author":2,"featured_media":0,"parent":0,"menu_order":11,"comment_status":"closed","ping_status":"closed","template":"page-politica-cancellazione.php","meta":{"_acf_changed":false,"inline_featured_image":false,"footnotes":""},"class_list":["post-5966","page","type-page","status-publish","hentry"],"acf":[],"yoast_head":"<!-- This site is optimized with the Yoast SEO plugin v27.4 - https:\/\/yoast.com\/product\/yoast-seo-wordpress\/ -->\n<title>Conditions g\u00e9n\u00e9rales et politique d&#039;annulation - Cafelicita Residence, casa vacanze sul lago di como<\/title>\n<meta name=\"robots\" content=\"index, follow, max-snippet:-1, max-image-preview:large, max-video-preview:-1\" \/>\n<link rel=\"canonical\" href=\"https:\/\/www.cafelicita.com\/fr\/conditions-generales-et-politique-dannulation\/\" \/>\n<meta property=\"og:locale\" content=\"fr_FR\" \/>\n<meta property=\"og:type\" content=\"article\" \/>\n<meta property=\"og:title\" content=\"Conditions g\u00e9n\u00e9rales et politique d&#039;annulation - Cafelicita Residence, casa vacanze sul lago di como\" \/>\n<meta property=\"og:description\" content=\"Les animaux de compagnie ne sont pas admis Les suppl\u00e9ments ne sont [&hellip;]\" \/>\n<meta property=\"og:url\" content=\"https:\/\/www.cafelicita.com\/fr\/conditions-generales-et-politique-dannulation\/\" \/>\n<meta property=\"og:site_name\" content=\"Cafelicita\" \/>\n<meta property=\"article:modified_time\" content=\"2024-03-28T07:34:34+00:00\" \/>\n<meta name=\"twitter:card\" content=\"summary_large_image\" \/>\n<meta name=\"twitter:label1\" content=\"Dur\u00e9e de lecture estim\u00e9e\" \/>\n\t<meta name=\"twitter:data1\" content=\"2 minutes\" \/>\n<script type=\"application\/ld+json\" class=\"yoast-schema-graph\">{\"@context\":\"https:\\\/\\\/schema.org\",\"@graph\":[{\"@type\":\"WebPage\",\"@id\":\"https:\\\/\\\/www.cafelicita.com\\\/fr\\\/conditions-generales-et-politique-dannulation\\\/\",\"url\":\"https:\\\/\\\/www.cafelicita.com\\\/fr\\\/conditions-generales-et-politique-dannulation\\\/\",\"name\":\"Conditions g\u00e9n\u00e9rales et politique d'annulation - Cafelicita Residence, casa vacanze sul lago di como\",\"isPartOf\":{\"@id\":\"https:\\\/\\\/www.cafelicita.com\\\/#website\"},\"datePublished\":\"2021-10-19T06:46:39+00:00\",\"dateModified\":\"2024-03-28T07:34:34+00:00\",\"breadcrumb\":{\"@id\":\"https:\\\/\\\/www.cafelicita.com\\\/fr\\\/conditions-generales-et-politique-dannulation\\\/#breadcrumb\"},\"inLanguage\":\"fr-FR\",\"potentialAction\":[{\"@type\":\"ReadAction\",\"target\":[\"https:\\\/\\\/www.cafelicita.com\\\/fr\\\/conditions-generales-et-politique-dannulation\\\/\"]}]},{\"@type\":\"BreadcrumbList\",\"@id\":\"https:\\\/\\\/www.cafelicita.com\\\/fr\\\/conditions-generales-et-politique-dannulation\\\/#breadcrumb\",\"itemListElement\":[{\"@type\":\"ListItem\",\"position\":1,\"name\":\"Home\",\"item\":\"https:\\\/\\\/www.cafelicita.com\\\/fr\\\/\"},{\"@type\":\"ListItem\",\"position\":2,\"name\":\"Conditions g\u00e9n\u00e9rales et politique d&rsquo;annulation\"}]},{\"@type\":\"WebSite\",\"@id\":\"https:\\\/\\\/www.cafelicita.com\\\/#website\",\"url\":\"https:\\\/\\\/www.cafelicita.com\\\/\",\"name\":\"Cafelicita\",\"description\":\"Residence, casa vacanze sul lago di como\",\"potentialAction\":[{\"@type\":\"SearchAction\",\"target\":{\"@type\":\"EntryPoint\",\"urlTemplate\":\"https:\\\/\\\/www.cafelicita.com\\\/?s={search_term_string}\"},\"query-input\":{\"@type\":\"PropertyValueSpecification\",\"valueRequired\":true,\"valueName\":\"search_term_string\"}}],\"inLanguage\":\"fr-FR\"}]}<\/script>\n<!-- \/ Yoast SEO plugin. -->","yoast_head_json":{"title":"Conditions g\u00e9n\u00e9rales et politique d'annulation - Cafelicita Residence, casa vacanze sul lago di como","robots":{"index":"index","follow":"follow","max-snippet":"max-snippet:-1","max-image-preview":"max-image-preview:large","max-video-preview":"max-video-preview:-1"},"canonical":"https:\/\/www.cafelicita.com\/fr\/conditions-generales-et-politique-dannulation\/","og_locale":"fr_FR","og_type":"article","og_title":"Conditions g\u00e9n\u00e9rales et politique d'annulation - Cafelicita Residence, casa vacanze sul lago di como","og_description":"Les animaux de compagnie ne sont pas admis Les suppl\u00e9ments ne sont [&hellip;]","og_url":"https:\/\/www.cafelicita.com\/fr\/conditions-generales-et-politique-dannulation\/","og_site_name":"Cafelicita","article_modified_time":"2024-03-28T07:34:34+00:00","twitter_card":"summary_large_image","twitter_misc":{"Dur\u00e9e de lecture estim\u00e9e":"2 minutes"},"schema":{"@context":"https:\/\/schema.org","@graph":[{"@type":"WebPage","@id":"https:\/\/www.cafelicita.com\/fr\/conditions-generales-et-politique-dannulation\/","url":"https:\/\/www.cafelicita.com\/fr\/conditions-generales-et-politique-dannulation\/","name":"Conditions g\u00e9n\u00e9rales et politique d'annulation - Cafelicita Residence, casa vacanze sul lago di como","isPartOf":{"@id":"https:\/\/www.cafelicita.com\/#website"},"datePublished":"2021-10-19T06:46:39+00:00","dateModified":"2024-03-28T07:34:34+00:00","breadcrumb":{"@id":"https:\/\/www.cafelicita.com\/fr\/conditions-generales-et-politique-dannulation\/#breadcrumb"},"inLanguage":"fr-FR","potentialAction":[{"@type":"ReadAction","target":["https:\/\/www.cafelicita.com\/fr\/conditions-generales-et-politique-dannulation\/"]}]},{"@type":"BreadcrumbList","@id":"https:\/\/www.cafelicita.com\/fr\/conditions-generales-et-politique-dannulation\/#breadcrumb","itemListElement":[{"@type":"ListItem","position":1,"name":"Home","item":"https:\/\/www.cafelicita.com\/fr\/"},{"@type":"ListItem","position":2,"name":"Conditions g\u00e9n\u00e9rales et politique d&rsquo;annulation"}]},{"@type":"WebSite","@id":"https:\/\/www.cafelicita.com\/#website","url":"https:\/\/www.cafelicita.com\/","name":"Cafelicita","description":"Residence, casa vacanze sul lago di como","potentialAction":[{"@type":"SearchAction","target":{"@type":"EntryPoint","urlTemplate":"https:\/\/www.cafelicita.com\/?s={search_term_string}"},"query-input":{"@type":"PropertyValueSpecification","valueRequired":true,"valueName":"search_term_string"}}],"inLanguage":"fr-FR"}]}},"_links":{"self":[{"href":"https:\/\/www.cafelicita.com\/fr\/wp-json\/wp\/v2\/pages\/5966","targetHints":{"allow":["GET"]}}],"collection":[{"href":"https:\/\/www.cafelicita.com\/fr\/wp-json\/wp\/v2\/pages"}],"about":[{"href":"https:\/\/www.cafelicita.com\/fr\/wp-json\/wp\/v2\/types\/page"}],"author":[{"embeddable":true,"href":"https:\/\/www.cafelicita.com\/fr\/wp-json\/wp\/v2\/users\/2"}],"replies":[{"embeddable":true,"href":"https:\/\/www.cafelicita.com\/fr\/wp-json\/wp\/v2\/comments?post=5966"}],"version-history":[{"count":3,"href":"https:\/\/www.cafelicita.com\/fr\/wp-json\/wp\/v2\/pages\/5966\/revisions"}],"predecessor-version":[{"id":6008,"href":"https:\/\/www.cafelicita.com\/fr\/wp-json\/wp\/v2\/pages\/5966\/revisions\/6008"}],"wp:attachment":[{"href":"https:\/\/www.cafelicita.com\/fr\/wp-json\/wp\/v2\/media?parent=5966"}],"curies":[{"name":"wp","href":"https:\/\/api.w.org\/{rel}","templated":true}]}}