{"id":336,"date":"2021-10-19T08:46:39","date_gmt":"2021-10-19T06:46:39","guid":{"rendered":"https:\/\/www.cafelicita.com\/condizioni-di-prenotazione-politica-di-cancellazione\/"},"modified":"2021-12-20T10:40:40","modified_gmt":"2021-12-20T09:40:40","slug":"allgemeine-bedingungen-und-stornobedingungen","status":"publish","type":"page","link":"https:\/\/www.cafelicita.com\/de\/allgemeine-bedingungen-und-stornobedingungen\/","title":{"rendered":"Allgemeine Bedingungen und Stornobedingungen"},"content":{"rendered":"<h3><strong>Haustiere sind nicht erlaubt<\/strong><\/h3>\n<p>Etwaige Zuschl\u00e4ge sind nicht im Gesamtbetrag Ihres Aufenthalts enthalten und m\u00fcssen separat in der Residenz bezahlt werden.<\/p>\n<h3><strong>Die Preise verstehen sich pro Appartement und Nacht und inkludieren:<\/strong><\/h3>\n<p>Ben\u00fctzung der Gemeinschaftsbereiche wie Infinity-Pool, Jacuzzi, Garten, Parkplatz und\/oder Carport, WLAN, Energieverbrauch, Bettw\u00e4sche und K\u00fcchenw\u00e4sche mit w\u00f6chentlichem Wechsel und Endreinigung des Appartements.<\/p>\n<p>Zus\u00e4tzlicher W\u00e4schewechsel: komplett 25,- \u20ac; nur Bad-K\u00fcche 15,- \u20ac; nur Bett 15,- \u20ac.<\/p>\n<h3><strong>Reservierungsantr\u00e4ge m\u00fcssen:<\/strong><\/h3>\n<ul>\n<li>durch die Leistung einer Anzahlung in H\u00f6he von 30 % der gesamten im Angebot genannten Aufenthaltskosten best\u00e4tigt werden;<\/li>\n<li>mit Kreditkarte best\u00e4tigt werden (Visa, Euro\/Mastercard). Das Hotel beh\u00e4lt sich das Recht vor, die G\u00fcltigkeit der Kreditkarte vor der Ankunft zu \u00fcberpr\u00fcfen (nach Autorisierung des jeweiligen Kreditkartenunternehmens).<\/li>\n<\/ul>\n<h3><strong>Stornierungen und \u00c4nderungen:<\/strong><\/h3>\n<p>Die Anzahlung gilt als endg\u00fcltige Best\u00e4tigung der Reservierung und kann gem\u00e4\u00df Art. 1385 ital. ZGB nicht zur\u00fcckerstattet werden. &#8211; Im Falle der Stornierung einer Reservierung werden die folgenden Stornogeb\u00fchren f\u00e4llig:<\/p>\n<ul>\n<li>Ab dem 14. Tag vor dem voraussichtlichen Anreisedatum: 100 % der gesamten im Angebot genannten Aufenthaltskosten.<\/li>\n<li>Jede Verk\u00fcrzung der Aufenthaltsdauer gilt als Stornierung.<\/li>\n<li>Bei Nichterscheinen oder vorzeitiger Abreise wird Ihre Kreditkarte mit einer Stornogeb\u00fchr in H\u00f6he von 100% der gesamten im Angebot genannten Aufenthaltskosten belastet.<\/li>\n<\/ul>\n","protected":false},"excerpt":{"rendered":"<p>Haustiere sind nicht erlaubt Etwaige Zuschl\u00e4ge sind nicht im Gesamtbetrag Ihres Aufenthalts [&hellip;]<\/p>\n","protected":false},"author":2,"featured_media":311,"parent":0,"menu_order":11,"comment_status":"closed","ping_status":"closed","template":"page-politica-cancellazione.php","meta":{"_acf_changed":false,"inline_featured_image":false,"footnotes":""},"class_list":["post-336","page","type-page","status-publish","has-post-thumbnail","hentry"],"acf":[],"yoast_head":"<!-- This site is optimized with the Yoast SEO plugin v27.4 - https:\/\/yoast.com\/product\/yoast-seo-wordpress\/ -->\n<title>Allgemeine Bedingungen und Stornobedingungen - Cafelicita Residence, casa vacanze sul lago di como<\/title>\n<meta name=\"robots\" content=\"index, follow, max-snippet:-1, max-image-preview:large, max-video-preview:-1\" \/>\n<link rel=\"canonical\" href=\"https:\/\/www.cafelicita.com\/de\/allgemeine-bedingungen-und-stornobedingungen\/\" \/>\n<meta property=\"og:locale\" content=\"de_DE\" \/>\n<meta property=\"og:type\" content=\"article\" \/>\n<meta property=\"og:title\" content=\"Allgemeine Bedingungen und Stornobedingungen - Cafelicita Residence, casa vacanze sul lago di como\" \/>\n<meta property=\"og:description\" content=\"Haustiere sind nicht erlaubt Etwaige Zuschl\u00e4ge sind nicht im Gesamtbetrag Ihres Aufenthalts [&hellip;]\" \/>\n<meta property=\"og:url\" content=\"https:\/\/www.cafelicita.com\/de\/allgemeine-bedingungen-und-stornobedingungen\/\" \/>\n<meta property=\"og:site_name\" content=\"Cafelicita\" \/>\n<meta property=\"article:modified_time\" content=\"2021-12-20T09:40:40+00:00\" \/>\n<meta property=\"og:image\" content=\"https:\/\/www.cafelicita.com\/wp-content\/uploads\/2021\/10\/cafelicta-residence-sul-lago-di-como-BN1A2008.jpg\" \/>\n\t<meta property=\"og:image:width\" content=\"1700\" \/>\n\t<meta property=\"og:image:height\" content=\"2550\" \/>\n\t<meta property=\"og:image:type\" content=\"image\/jpeg\" \/>\n<meta name=\"twitter:card\" content=\"summary_large_image\" \/>\n<meta name=\"twitter:label1\" content=\"Gesch\u00e4tzte Lesezeit\" \/>\n\t<meta name=\"twitter:data1\" content=\"1\u00a0Minute\" \/>\n<script type=\"application\/ld+json\" class=\"yoast-schema-graph\">{\"@context\":\"https:\\\/\\\/schema.org\",\"@graph\":[{\"@type\":\"WebPage\",\"@id\":\"https:\\\/\\\/www.cafelicita.com\\\/de\\\/allgemeine-bedingungen-und-stornobedingungen\\\/\",\"url\":\"https:\\\/\\\/www.cafelicita.com\\\/de\\\/allgemeine-bedingungen-und-stornobedingungen\\\/\",\"name\":\"Allgemeine Bedingungen und Stornobedingungen - Cafelicita Residence, casa vacanze sul lago di como\",\"isPartOf\":{\"@id\":\"https:\\\/\\\/www.cafelicita.com\\\/#website\"},\"primaryImageOfPage\":{\"@id\":\"https:\\\/\\\/www.cafelicita.com\\\/de\\\/allgemeine-bedingungen-und-stornobedingungen\\\/#primaryimage\"},\"image\":{\"@id\":\"https:\\\/\\\/www.cafelicita.com\\\/de\\\/allgemeine-bedingungen-und-stornobedingungen\\\/#primaryimage\"},\"thumbnailUrl\":\"https:\\\/\\\/www.cafelicita.com\\\/wp-content\\\/uploads\\\/2021\\\/10\\\/cafelicta-residence-sul-lago-di-como-BN1A2008.jpg\",\"datePublished\":\"2021-10-19T06:46:39+00:00\",\"dateModified\":\"2021-12-20T09:40:40+00:00\",\"breadcrumb\":{\"@id\":\"https:\\\/\\\/www.cafelicita.com\\\/de\\\/allgemeine-bedingungen-und-stornobedingungen\\\/#breadcrumb\"},\"inLanguage\":\"de\",\"potentialAction\":[{\"@type\":\"ReadAction\",\"target\":[\"https:\\\/\\\/www.cafelicita.com\\\/de\\\/allgemeine-bedingungen-und-stornobedingungen\\\/\"]}]},{\"@type\":\"ImageObject\",\"inLanguage\":\"de\",\"@id\":\"https:\\\/\\\/www.cafelicita.com\\\/de\\\/allgemeine-bedingungen-und-stornobedingungen\\\/#primaryimage\",\"url\":\"https:\\\/\\\/www.cafelicita.com\\\/wp-content\\\/uploads\\\/2021\\\/10\\\/cafelicta-residence-sul-lago-di-como-BN1A2008.jpg\",\"contentUrl\":\"https:\\\/\\\/www.cafelicita.com\\\/wp-content\\\/uploads\\\/2021\\\/10\\\/cafelicta-residence-sul-lago-di-como-BN1A2008.jpg\",\"width\":1700,\"height\":2550},{\"@type\":\"BreadcrumbList\",\"@id\":\"https:\\\/\\\/www.cafelicita.com\\\/de\\\/allgemeine-bedingungen-und-stornobedingungen\\\/#breadcrumb\",\"itemListElement\":[{\"@type\":\"ListItem\",\"position\":1,\"name\":\"Home\",\"item\":\"https:\\\/\\\/www.cafelicita.com\\\/de\\\/\"},{\"@type\":\"ListItem\",\"position\":2,\"name\":\"Allgemeine Bedingungen und Stornobedingungen\"}]},{\"@type\":\"WebSite\",\"@id\":\"https:\\\/\\\/www.cafelicita.com\\\/#website\",\"url\":\"https:\\\/\\\/www.cafelicita.com\\\/\",\"name\":\"Cafelicita\",\"description\":\"Residence, casa vacanze sul lago di como\",\"potentialAction\":[{\"@type\":\"SearchAction\",\"target\":{\"@type\":\"EntryPoint\",\"urlTemplate\":\"https:\\\/\\\/www.cafelicita.com\\\/?s={search_term_string}\"},\"query-input\":{\"@type\":\"PropertyValueSpecification\",\"valueRequired\":true,\"valueName\":\"search_term_string\"}}],\"inLanguage\":\"de\"}]}<\/script>\n<!-- \/ Yoast SEO plugin. -->","yoast_head_json":{"title":"Allgemeine Bedingungen und Stornobedingungen - Cafelicita Residence, casa vacanze sul lago di como","robots":{"index":"index","follow":"follow","max-snippet":"max-snippet:-1","max-image-preview":"max-image-preview:large","max-video-preview":"max-video-preview:-1"},"canonical":"https:\/\/www.cafelicita.com\/de\/allgemeine-bedingungen-und-stornobedingungen\/","og_locale":"de_DE","og_type":"article","og_title":"Allgemeine Bedingungen und Stornobedingungen - Cafelicita Residence, casa vacanze sul lago di como","og_description":"Haustiere sind nicht erlaubt Etwaige Zuschl\u00e4ge sind nicht im Gesamtbetrag Ihres Aufenthalts [&hellip;]","og_url":"https:\/\/www.cafelicita.com\/de\/allgemeine-bedingungen-und-stornobedingungen\/","og_site_name":"Cafelicita","article_modified_time":"2021-12-20T09:40:40+00:00","og_image":[{"width":1700,"height":2550,"url":"https:\/\/www.cafelicita.com\/wp-content\/uploads\/2021\/10\/cafelicta-residence-sul-lago-di-como-BN1A2008.jpg","type":"image\/jpeg"}],"twitter_card":"summary_large_image","twitter_misc":{"Gesch\u00e4tzte Lesezeit":"1\u00a0Minute"},"schema":{"@context":"https:\/\/schema.org","@graph":[{"@type":"WebPage","@id":"https:\/\/www.cafelicita.com\/de\/allgemeine-bedingungen-und-stornobedingungen\/","url":"https:\/\/www.cafelicita.com\/de\/allgemeine-bedingungen-und-stornobedingungen\/","name":"Allgemeine Bedingungen und Stornobedingungen - Cafelicita Residence, casa vacanze sul lago di como","isPartOf":{"@id":"https:\/\/www.cafelicita.com\/#website"},"primaryImageOfPage":{"@id":"https:\/\/www.cafelicita.com\/de\/allgemeine-bedingungen-und-stornobedingungen\/#primaryimage"},"image":{"@id":"https:\/\/www.cafelicita.com\/de\/allgemeine-bedingungen-und-stornobedingungen\/#primaryimage"},"thumbnailUrl":"https:\/\/www.cafelicita.com\/wp-content\/uploads\/2021\/10\/cafelicta-residence-sul-lago-di-como-BN1A2008.jpg","datePublished":"2021-10-19T06:46:39+00:00","dateModified":"2021-12-20T09:40:40+00:00","breadcrumb":{"@id":"https:\/\/www.cafelicita.com\/de\/allgemeine-bedingungen-und-stornobedingungen\/#breadcrumb"},"inLanguage":"de","potentialAction":[{"@type":"ReadAction","target":["https:\/\/www.cafelicita.com\/de\/allgemeine-bedingungen-und-stornobedingungen\/"]}]},{"@type":"ImageObject","inLanguage":"de","@id":"https:\/\/www.cafelicita.com\/de\/allgemeine-bedingungen-und-stornobedingungen\/#primaryimage","url":"https:\/\/www.cafelicita.com\/wp-content\/uploads\/2021\/10\/cafelicta-residence-sul-lago-di-como-BN1A2008.jpg","contentUrl":"https:\/\/www.cafelicita.com\/wp-content\/uploads\/2021\/10\/cafelicta-residence-sul-lago-di-como-BN1A2008.jpg","width":1700,"height":2550},{"@type":"BreadcrumbList","@id":"https:\/\/www.cafelicita.com\/de\/allgemeine-bedingungen-und-stornobedingungen\/#breadcrumb","itemListElement":[{"@type":"ListItem","position":1,"name":"Home","item":"https:\/\/www.cafelicita.com\/de\/"},{"@type":"ListItem","position":2,"name":"Allgemeine Bedingungen und Stornobedingungen"}]},{"@type":"WebSite","@id":"https:\/\/www.cafelicita.com\/#website","url":"https:\/\/www.cafelicita.com\/","name":"Cafelicita","description":"Residence, casa vacanze sul lago di como","potentialAction":[{"@type":"SearchAction","target":{"@type":"EntryPoint","urlTemplate":"https:\/\/www.cafelicita.com\/?s={search_term_string}"},"query-input":{"@type":"PropertyValueSpecification","valueRequired":true,"valueName":"search_term_string"}}],"inLanguage":"de"}]}},"_links":{"self":[{"href":"https:\/\/www.cafelicita.com\/de\/wp-json\/wp\/v2\/pages\/336","targetHints":{"allow":["GET"]}}],"collection":[{"href":"https:\/\/www.cafelicita.com\/de\/wp-json\/wp\/v2\/pages"}],"about":[{"href":"https:\/\/www.cafelicita.com\/de\/wp-json\/wp\/v2\/types\/page"}],"author":[{"embeddable":true,"href":"https:\/\/www.cafelicita.com\/de\/wp-json\/wp\/v2\/users\/2"}],"replies":[{"embeddable":true,"href":"https:\/\/www.cafelicita.com\/de\/wp-json\/wp\/v2\/comments?post=336"}],"version-history":[{"count":4,"href":"https:\/\/www.cafelicita.com\/de\/wp-json\/wp\/v2\/pages\/336\/revisions"}],"predecessor-version":[{"id":520,"href":"https:\/\/www.cafelicita.com\/de\/wp-json\/wp\/v2\/pages\/336\/revisions\/520"}],"wp:featuredmedia":[{"embeddable":true,"href":"https:\/\/www.cafelicita.com\/de\/wp-json\/wp\/v2\/media\/311"}],"wp:attachment":[{"href":"https:\/\/www.cafelicita.com\/de\/wp-json\/wp\/v2\/media?parent=336"}],"curies":[{"name":"wp","href":"https:\/\/api.w.org\/{rel}","templated":true}]}}